{"id":206,"date":"2015-07-14T14:50:10","date_gmt":"2015-07-14T14:50:10","guid":{"rendered":"http:\/\/test.kriesi.at\/minimal-portfolio\/?page_id=9"},"modified":"2021-10-07T13:54:26","modified_gmt":"2021-10-07T11:54:26","slug":"home","status":"publish","type":"page","link":"https:\/\/lk-manufaktur.de\/","title":{"rendered":"Home"},"content":{"rendered":"<div id='av_section_1'  class='avia-section main_color avia-section-large avia-no-border-styling  avia-full-stretch avia-bg-style-fixed  avia-builder-el-0  el_before_av_section  avia-builder-el-first   container_wrap fullsize' style='background-color: #ffffff; background-repeat: no-repeat; background-image: url(https:\/\/lk-manufaktur.de\/wp-content\/uploads\/2021\/05\/Titelbild-1-300x200.png);background-attachment: fixed; background-position: top left;  '  data-section-bg-repeat='stretch'><div class='av-section-color-overlay-wrap'><a href='#next-section' title='' class='scroll-down-link '  aria-hidden='true' data-av_icon='\ue877' data-av_iconfont='entypo-fontello'><\/a><div class='container' ><main  role=\"main\" itemprop=\"mainContentOfPage\"  class='template-page content  av-content-full alpha units'><div class='post-entry post-entry-type-page post-entry-206'><div class='entry-content-wrapper clearfix'>\n<div class=\"flex_column av_one_fifth  av-animated-generic right-to-left  flex_column_div first  avia-builder-el-1  el_before_av_three_fifth  avia-builder-el-first  \" style='padding:20px; border-radius:0px; '><\/div><div class=\"flex_column av_three_fifth  av-animated-generic top-to-bottom  flex_column_div   avia-builder-el-2  el_after_av_one_fifth  el_before_av_one_fifth  \" style='padding:20px; border-radius:0px; '><p><div  style='padding-bottom:0px; font-size:65px;' class='av-special-heading av-special-heading-h3  blockquote modern-quote modern-centered  avia-builder-el-3  el_before_av_hr  avia-builder-el-first  av-thin-font av-inherit-size '><h3 class='av-special-heading-tag '  itemprop=\"headline\"  ><strong>Herzlich<\/strong><br \/>Willkommen<\/h3><div class='special-heading-border'><div class='special-heading-inner-border' ><\/div><\/div><\/div><br \/>\n<div  style=' margin-top:30px; margin-bottom:30px;'  class='hr hr-custom hr-center hr-icon-no   avia-builder-el-4  el_after_av_heading  el_before_av_textblock '><span class='hr-inner  inner-border-av-border-thin' style=' width:50px; border-color:#000000;' ><span class='hr-inner-style'><\/span><\/span><\/div><br \/>\n<section class=\"av_textblock_section \"  itemscope=\"itemscope\" itemtype=\"https:\/\/schema.org\/CreativeWork\" ><div class='avia_textblock  av_inherit_color '  style='font-size:22px; color:#000000; '  itemprop=\"text\" ><p style=\"text-align: center;\">Herzlich Willkommen bei der LKM Literatur &#038; Kunst Manufaktur. Wir sind ein deutsches Verlagsunternehmen, das sich auf die Fertigung von hochwertigen Kunstb\u00fcchern spezialisiert hat.<\/p>\n<\/div><\/section><br \/>\n<div  style='height:120px' class='hr hr-invisible   avia-builder-el-6  el_after_av_textblock  avia-builder-el-last '><span class='hr-inner ' ><span class='hr-inner-style'><\/span><\/span><\/div><\/p><\/div><div class=\"flex_column av_one_fifth  av-animated-generic right-to-left  flex_column_div   avia-builder-el-7  el_after_av_three_fifth  avia-builder-el-last  \" style='padding:20px; border-radius:0px; '><\/div>\n\n<\/div><\/div><\/main><!-- close content main element --><\/div><div class='av-extra-border-element border-extra-diagonal  diagonal-box-shadow'><div class='av-extra-border-outer'><div class='av-extra-border-inner'  style='background-color:#f8f8f8;' ><\/div><\/div><\/div><\/div><\/div><div id='handwerk'  class='avia-section main_color avia-section-huge avia-no-border-styling  avia-bg-style-scroll  avia-builder-el-8  el_after_av_section  el_before_av_section   container_wrap fullsize' style='background-color: #f8f8f8;  '  ><div class='container' ><div class='template-page content  av-content-full alpha units'><div class='post-entry post-entry-type-page post-entry-206'><div class='entry-content-wrapper clearfix'>\n<div  style='padding-bottom:40px; font-size:41px;' class='av-special-heading av-special-heading-h3  blockquote modern-quote  avia-builder-el-9  el_before_av_textblock  avia-builder-el-first  av-inherit-size '><h3 class='av-special-heading-tag '  itemprop=\"headline\"  >Handwerk<\/h3><div class='special-heading-border'><div class='special-heading-inner-border' ><\/div><\/div><\/div>\n<section class=\"av_textblock_section \"  itemscope=\"itemscope\" itemtype=\"https:\/\/schema.org\/CreativeWork\" ><div class='avia_textblock  '  style='font-size:22px; '  itemprop=\"text\" ><p style=\"text-align: left;\">Wir legen Wert auf Perfektion bis ins kleinste Detail, deshalb ist es uns wichtig unsere Produktionsabl\u00e4ufe stetig zu optimieren, um ein dauerhaft hohes Niveau zu generieren. Damit wir dieses Niveau gew\u00e4hrleisten k\u00f6nnen, wird jeder Fertigungsschritt von der Bildauswahl bis hin zum fertigen Buch durch unser anspruchsvolles Fachpersonal begleitet. Der Geist unseres Unternehmens ist von Werten wie Best\u00e4ndigkeit, Hingabe und Engagement gepr\u00e4gt, dies zeigt sich insbesondere in der sorgsamen Herstellung unserer Werke. Wir produzieren ausschlie\u00dflich in Deutschland und verwenden f\u00fcr die Herstellung unserer Werke ausnahmslos hochwertige, sorgf\u00e4ltig ausgew\u00e4hlte Materialien.<\/p>\n<\/div><\/section>\n<div class=\"flex_column av_one_third  av-animated-generic right-to-left  flex_column_div av-zero-column-padding first  avia-builder-el-11  el_after_av_textblock  el_before_av_one_third  column-top-margin\" style='border-radius:0px; '><p><div  style='height:20px' class='hr hr-invisible   avia-builder-el-12  el_before_av_textblock  avia-builder-el-first '><span class='hr-inner ' ><span class='hr-inner-style'><\/span><\/span><\/div><br \/>\n<section class=\"av_textblock_section \"  itemscope=\"itemscope\" itemtype=\"https:\/\/schema.org\/CreativeWork\" ><div class='avia_textblock  '   itemprop=\"text\" ><h2 style=\"text-align: center;\">Perfektion<\/h2>\n<\/div><\/section><\/p><\/div><div class=\"flex_column av_one_third  av-animated-generic right-to-left  flex_column_div av-zero-column-padding   avia-builder-el-14  el_after_av_one_third  el_before_av_one_third  column-top-margin\" style='border-radius:0px; '><p><div  style='height:20px' class='hr hr-invisible   avia-builder-el-15  el_before_av_textblock  avia-builder-el-first '><span class='hr-inner ' ><span class='hr-inner-style'><\/span><\/span><\/div><br \/>\n<section class=\"av_textblock_section \"  itemscope=\"itemscope\" itemtype=\"https:\/\/schema.org\/CreativeWork\" ><div class='avia_textblock  '   itemprop=\"text\" ><h2 style=\"text-align: center;\">Best\u00e4ndigkeit<\/h2>\n<\/div><\/section><\/p><\/div><div class=\"flex_column av_one_third  av-animated-generic right-to-left  flex_column_div av-zero-column-padding   avia-builder-el-17  el_after_av_one_third  el_before_av_masonry_gallery  avia-builder-el-last  column-top-margin\" style='border-radius:0px; '><p><div  style='height:20px' class='hr hr-invisible   avia-builder-el-18  el_before_av_textblock  avia-builder-el-first '><span class='hr-inner ' ><span class='hr-inner-style'><\/span><\/span><\/div><br \/>\n<section class=\"av_textblock_section \"  itemscope=\"itemscope\" itemtype=\"https:\/\/schema.org\/CreativeWork\" ><div class='avia_textblock  '   itemprop=\"text\" ><h2 style=\"text-align: center;\">Qualit\u00e4t<\/h2>\n<\/div><\/section><\/p><\/div><div id='av-masonry-1' class='av-masonry  noHover av-fixed-size av-large-gap av-hover-overlay-active av-masonry-animation-active av-masonry-col-3 av-caption-on-hover av-caption-style-overlay av-masonry-gallery     '  ><div class='av-masonry-container isotope av-js-disabled ' ><div class='av-masonry-entry isotope-item av-masonry-item-no-image '><\/div><a href=\"https:\/\/lk-manufaktur.de\/wp-content\/uploads\/2021\/05\/Handwerk1-1030x687.png\" href=\"1030\" href=\"687\" href=\"1\" href=\"https:\/\/lk-manufaktur.de\/wp-content\/uploads\/2021\/05\/Handwerk1-1030x687.png 1030w, https:\/\/lk-manufaktur.de\/wp-content\/uploads\/2021\/05\/Handwerk1-300x200.png 300w, https:\/\/lk-manufaktur.de\/wp-content\/uploads\/2021\/05\/Handwerk1-768x513.png 768w, https:\/\/lk-manufaktur.de\/wp-content\/uploads\/2021\/05\/Handwerk1-1536x1025.png 1536w, https:\/\/lk-manufaktur.de\/wp-content\/uploads\/2021\/05\/Handwerk1-2048x1367.png 2048w, https:\/\/lk-manufaktur.de\/wp-content\/uploads\/2021\/05\/Handwerk1-1500x1001.png 1500w, https:\/\/lk-manufaktur.de\/wp-content\/uploads\/2021\/05\/Handwerk1-705x471.png 705w\" href=\"(max-width: 1030px) 100vw, 1030px\"  aria-label=\"Bild Bild ohne Titel\"  id='av-masonry-1-item-491' data-av-masonry-item='491' class='av-masonry-entry isotope-item post-491 attachment type-attachment status-inherit hentry  av-masonry-item-with-image' title=\"\" alt=\"\"   itemprop=\"thumbnailUrl\" ><div class='av-inner-masonry-sizer'><\/div><figure class='av-inner-masonry main_color'><div class=\"av-masonry-outerimage-container\"><div class=\"av-masonry-image-container\" style=\"background-image: url(https:\/\/lk-manufaktur.de\/wp-content\/uploads\/2021\/05\/Handwerk1-705x471.png);\"><\/div><\/div><figcaption class='av-inner-masonry-content site-background'><div class='av-inner-masonry-content-pos'><div class='av-inner-masonry-content-pos-content'><div class='avia-arrow'><\/div><h3 class='av-masonry-entry-title entry-title '  itemprop=\"headline\" ><\/h3><\/div><\/div><\/figcaption><\/figure><\/a><!--end av-masonry entry--><a href=\"https:\/\/lk-manufaktur.de\/wp-content\/uploads\/2021\/05\/DSC_8022-1030x687.png\" href=\"1030\" href=\"687\" href=\"1\" href=\"https:\/\/lk-manufaktur.de\/wp-content\/uploads\/2021\/05\/DSC_8022-1030x687.png 1030w, https:\/\/lk-manufaktur.de\/wp-content\/uploads\/2021\/05\/DSC_8022-300x200.png 300w, https:\/\/lk-manufaktur.de\/wp-content\/uploads\/2021\/05\/DSC_8022-768x513.png 768w, https:\/\/lk-manufaktur.de\/wp-content\/uploads\/2021\/05\/DSC_8022-1536x1025.png 1536w, https:\/\/lk-manufaktur.de\/wp-content\/uploads\/2021\/05\/DSC_8022-2048x1367.png 2048w, https:\/\/lk-manufaktur.de\/wp-content\/uploads\/2021\/05\/DSC_8022-1500x1001.png 1500w, https:\/\/lk-manufaktur.de\/wp-content\/uploads\/2021\/05\/DSC_8022-705x471.png 705w\" href=\"(max-width: 1030px) 100vw, 1030px\"  aria-label=\"Bild Bild ohne Titel\"  id='av-masonry-1-item-490' data-av-masonry-item='490' class='av-masonry-entry isotope-item post-490 attachment type-attachment status-inherit hentry  av-masonry-item-with-image' title=\"\" alt=\"\"   itemprop=\"thumbnailUrl\" ><div class='av-inner-masonry-sizer'><\/div><figure class='av-inner-masonry main_color'><div class=\"av-masonry-outerimage-container\"><div class=\"av-masonry-image-container\" style=\"background-image: url(https:\/\/lk-manufaktur.de\/wp-content\/uploads\/2021\/05\/DSC_8022-705x471.png);\"><\/div><\/div><figcaption class='av-inner-masonry-content site-background'><div class='av-inner-masonry-content-pos'><div class='av-inner-masonry-content-pos-content'><div class='avia-arrow'><\/div><h3 class='av-masonry-entry-title entry-title '  itemprop=\"headline\" ><\/h3><\/div><\/div><\/figcaption><\/figure><\/a><!--end av-masonry entry--><a href=\"https:\/\/lk-manufaktur.de\/wp-content\/uploads\/2021\/05\/DSC_7905-1030x687.png\" href=\"1030\" href=\"687\" href=\"1\" href=\"https:\/\/lk-manufaktur.de\/wp-content\/uploads\/2021\/05\/DSC_7905-1030x687.png 1030w, https:\/\/lk-manufaktur.de\/wp-content\/uploads\/2021\/05\/DSC_7905-300x200.png 300w, https:\/\/lk-manufaktur.de\/wp-content\/uploads\/2021\/05\/DSC_7905-768x513.png 768w, https:\/\/lk-manufaktur.de\/wp-content\/uploads\/2021\/05\/DSC_7905-1536x1025.png 1536w, https:\/\/lk-manufaktur.de\/wp-content\/uploads\/2021\/05\/DSC_7905-2048x1367.png 2048w, https:\/\/lk-manufaktur.de\/wp-content\/uploads\/2021\/05\/DSC_7905-1500x1001.png 1500w, https:\/\/lk-manufaktur.de\/wp-content\/uploads\/2021\/05\/DSC_7905-705x471.png 705w\" href=\"(max-width: 1030px) 100vw, 1030px\"  aria-label=\"Bild Bild ohne Titel\"  id='av-masonry-1-item-489' data-av-masonry-item='489' class='av-masonry-entry isotope-item post-489 attachment type-attachment status-inherit hentry  av-masonry-item-with-image' title=\"\" alt=\"\"   itemprop=\"thumbnailUrl\" ><div class='av-inner-masonry-sizer'><\/div><figure class='av-inner-masonry main_color'><div class=\"av-masonry-outerimage-container\"><div class=\"av-masonry-image-container\" style=\"background-image: url(https:\/\/lk-manufaktur.de\/wp-content\/uploads\/2021\/05\/DSC_7905-705x471.png);\"><\/div><\/div><figcaption class='av-inner-masonry-content site-background'><div class='av-inner-masonry-content-pos'><div class='av-inner-masonry-content-pos-content'><div class='avia-arrow'><\/div><h3 class='av-masonry-entry-title entry-title '  itemprop=\"headline\" ><\/h3><\/div><\/div><\/figcaption><\/figure><\/a><!--end av-masonry entry--><a href=\"https:\/\/lk-manufaktur.de\/wp-content\/uploads\/2021\/05\/DSC_7762-1030x687.png\" href=\"1030\" href=\"687\" href=\"1\" href=\"https:\/\/lk-manufaktur.de\/wp-content\/uploads\/2021\/05\/DSC_7762-1030x687.png 1030w, https:\/\/lk-manufaktur.de\/wp-content\/uploads\/2021\/05\/DSC_7762-300x200.png 300w, https:\/\/lk-manufaktur.de\/wp-content\/uploads\/2021\/05\/DSC_7762-768x513.png 768w, https:\/\/lk-manufaktur.de\/wp-content\/uploads\/2021\/05\/DSC_7762-1536x1025.png 1536w, https:\/\/lk-manufaktur.de\/wp-content\/uploads\/2021\/05\/DSC_7762-2048x1367.png 2048w, https:\/\/lk-manufaktur.de\/wp-content\/uploads\/2021\/05\/DSC_7762-1500x1001.png 1500w, https:\/\/lk-manufaktur.de\/wp-content\/uploads\/2021\/05\/DSC_7762-705x471.png 705w\" href=\"(max-width: 1030px) 100vw, 1030px\"  aria-label=\"Bild Bild ohne Titel\"  id='av-masonry-1-item-488' data-av-masonry-item='488' class='av-masonry-entry isotope-item post-488 attachment type-attachment status-inherit hentry  av-masonry-item-with-image' title=\"\" alt=\"\"   itemprop=\"thumbnailUrl\" ><div class='av-inner-masonry-sizer'><\/div><figure class='av-inner-masonry main_color'><div class=\"av-masonry-outerimage-container\"><div class=\"av-masonry-image-container\" style=\"background-image: url(https:\/\/lk-manufaktur.de\/wp-content\/uploads\/2021\/05\/DSC_7762-705x471.png);\"><\/div><\/div><figcaption class='av-inner-masonry-content site-background'><div class='av-inner-masonry-content-pos'><div class='av-inner-masonry-content-pos-content'><div class='avia-arrow'><\/div><h3 class='av-masonry-entry-title entry-title '  itemprop=\"headline\" ><\/h3><\/div><\/div><\/figcaption><\/figure><\/a><!--end av-masonry entry--><a href=\"https:\/\/lk-manufaktur.de\/wp-content\/uploads\/2021\/05\/DSC_7513-1030x687.png\" href=\"1030\" href=\"687\" href=\"1\" href=\"https:\/\/lk-manufaktur.de\/wp-content\/uploads\/2021\/05\/DSC_7513-1030x687.png 1030w, https:\/\/lk-manufaktur.de\/wp-content\/uploads\/2021\/05\/DSC_7513-300x200.png 300w, https:\/\/lk-manufaktur.de\/wp-content\/uploads\/2021\/05\/DSC_7513-768x513.png 768w, https:\/\/lk-manufaktur.de\/wp-content\/uploads\/2021\/05\/DSC_7513-1536x1025.png 1536w, https:\/\/lk-manufaktur.de\/wp-content\/uploads\/2021\/05\/DSC_7513-2048x1367.png 2048w, https:\/\/lk-manufaktur.de\/wp-content\/uploads\/2021\/05\/DSC_7513-1500x1001.png 1500w, https:\/\/lk-manufaktur.de\/wp-content\/uploads\/2021\/05\/DSC_7513-705x471.png 705w\" href=\"(max-width: 1030px) 100vw, 1030px\"  aria-label=\"Bild Bild ohne Titel\"  id='av-masonry-1-item-487' data-av-masonry-item='487' class='av-masonry-entry isotope-item post-487 attachment type-attachment status-inherit hentry  av-masonry-item-with-image' title=\"\" alt=\"\"   itemprop=\"thumbnailUrl\" ><div class='av-inner-masonry-sizer'><\/div><figure class='av-inner-masonry main_color'><div class=\"av-masonry-outerimage-container\"><div class=\"av-masonry-image-container\" style=\"background-image: url(https:\/\/lk-manufaktur.de\/wp-content\/uploads\/2021\/05\/DSC_7513-705x471.png);\"><\/div><\/div><figcaption class='av-inner-masonry-content site-background'><div class='av-inner-masonry-content-pos'><div class='av-inner-masonry-content-pos-content'><div class='avia-arrow'><\/div><h3 class='av-masonry-entry-title entry-title '  itemprop=\"headline\" ><\/h3><\/div><\/div><\/figcaption><\/figure><\/a><!--end av-masonry entry--><a href=\"https:\/\/lk-manufaktur.de\/wp-content\/uploads\/2021\/05\/DSC_7455-1030x687.png\" href=\"1030\" href=\"687\" href=\"1\" href=\"https:\/\/lk-manufaktur.de\/wp-content\/uploads\/2021\/05\/DSC_7455-1030x687.png 1030w, https:\/\/lk-manufaktur.de\/wp-content\/uploads\/2021\/05\/DSC_7455-300x200.png 300w, https:\/\/lk-manufaktur.de\/wp-content\/uploads\/2021\/05\/DSC_7455-768x513.png 768w, https:\/\/lk-manufaktur.de\/wp-content\/uploads\/2021\/05\/DSC_7455-1536x1025.png 1536w, https:\/\/lk-manufaktur.de\/wp-content\/uploads\/2021\/05\/DSC_7455-2048x1367.png 2048w, https:\/\/lk-manufaktur.de\/wp-content\/uploads\/2021\/05\/DSC_7455-1500x1001.png 1500w, https:\/\/lk-manufaktur.de\/wp-content\/uploads\/2021\/05\/DSC_7455-705x471.png 705w\" href=\"(max-width: 1030px) 100vw, 1030px\"  aria-label=\"Bild Bild ohne Titel\"  id='av-masonry-1-item-486' data-av-masonry-item='486' class='av-masonry-entry isotope-item post-486 attachment type-attachment status-inherit hentry  av-masonry-item-with-image' title=\"\" alt=\"\"   itemprop=\"thumbnailUrl\" ><div class='av-inner-masonry-sizer'><\/div><figure class='av-inner-masonry main_color'><div class=\"av-masonry-outerimage-container\"><div class=\"av-masonry-image-container\" style=\"background-image: url(https:\/\/lk-manufaktur.de\/wp-content\/uploads\/2021\/05\/DSC_7455-705x471.png);\"><\/div><\/div><figcaption class='av-inner-masonry-content site-background'><div class='av-inner-masonry-content-pos'><div class='av-inner-masonry-content-pos-content'><div class='avia-arrow'><\/div><h3 class='av-masonry-entry-title entry-title '  itemprop=\"headline\" ><\/h3><\/div><\/div><\/figcaption><\/figure><\/a><!--end av-masonry entry--><\/div><\/div>\n\n<\/div><\/div><\/div><!-- close content main div --><\/div><div class='av-extra-border-element border-extra-diagonal border-extra-diagonal-inverse '><div class='av-extra-border-outer'><div class='av-extra-border-inner'  style='background-color:#ffffff;' ><\/div><\/div><\/div><\/div><div id='philosophie'  class='avia-section main_color avia-section-huge avia-no-border-styling  avia-bg-style-scroll  avia-builder-el-21  el_after_av_section  el_before_av_section   container_wrap fullsize' style=' '  ><div class='container' ><div class='template-page content  av-content-full alpha units'><div class='post-entry post-entry-type-page post-entry-206'><div class='entry-content-wrapper clearfix'>\n<div  style='padding-bottom:40px; font-size:41px;' class='av-special-heading av-special-heading-h3  blockquote modern-quote  avia-builder-el-22  el_before_av_textblock  avia-builder-el-first  av-inherit-size '><h3 class='av-special-heading-tag '  itemprop=\"headline\"  >Philosophie<\/h3><div class='special-heading-border'><div class='special-heading-inner-border' ><\/div><\/div><\/div>\n<section class=\"av_textblock_section \"  itemscope=\"itemscope\" itemtype=\"https:\/\/schema.org\/CreativeWork\" ><div class='avia_textblock  '  style='font-size:22px; '  itemprop=\"text\" ><p style=\"text-align: left;\">Unsere Philosophie besteht darin, hochwertige Kunstb\u00fccher herzustellen, die nicht nur f\u00fcr einen elit\u00e4ren Kundenstamm bestimmt sind, sondern sich ebenso einem kunstaffinen, interessiertem Kreis von Lesern empfehlen. Da wir mit unseren B\u00fcchern einen Beitrag zum Erhalt wertvoller Kulturg\u00fcter leisten m\u00f6chten, legen wir besonderen Wert darauf, diese ansprechend zu gestalten und mit informativen, gut verst\u00e4ndlichen Texten zu versehen, welche die enthaltenen Kunstwerke beschreiben und dem Leser dadurch das Werk wie auch den Entstehungskontext n\u00e4her bringen.<\/p>\n<\/div><\/section>\n<div  style='height:115px' class='hr hr-invisible   avia-builder-el-24  el_after_av_textblock  avia-builder-el-last '><span class='hr-inner ' ><span class='hr-inner-style'><\/span><\/span><\/div>\n\n<\/div><\/div><\/div><!-- close content main div --><\/div><div class='av-extra-border-element border-extra-diagonal  '><div class='av-extra-border-outer'><div class='av-extra-border-inner'  style='background-color:#f8f8f8;' ><\/div><\/div><\/div><\/div><div id='ueberuns'  class='avia-section main_color avia-section-huge avia-no-border-styling  avia-bg-style-scroll  avia-builder-el-25  el_after_av_section  el_before_av_section   container_wrap fullsize' style='background-color: #f8f8f8;  '  ><div class='container' ><div class='template-page content  av-content-full alpha units'><div class='post-entry post-entry-type-page post-entry-206'><div class='entry-content-wrapper clearfix'>\n<div  style='padding-bottom:40px; font-size:41px;' class='av-special-heading av-special-heading-h3  blockquote modern-quote  avia-builder-el-26  el_before_av_textblock  avia-builder-el-first  av-inherit-size '><h3 class='av-special-heading-tag '  itemprop=\"headline\"  >\u00dcber uns<\/h3><div class='special-heading-border'><div class='special-heading-inner-border' ><\/div><\/div><\/div>\n<section class=\"av_textblock_section \"  itemscope=\"itemscope\" itemtype=\"https:\/\/schema.org\/CreativeWork\" ><div class='avia_textblock  '  style='font-size:22px; '  itemprop=\"text\" ><p style=\"text-align: left;\">Die LKM Literatur &#038; Kunst Manufaktur bietet ein erlesenes und qualitativ hochwertiges Sortiment an Produkten f\u00fcr buch- und kunstaffine Kunden an. Dazu z\u00e4hlen unter anderem die Editionen der Heiligen Schriften, des Leonardo da Vinci oder auch die Meisterwerke der Welt. Die Gr\u00f6\u00dfen unserer Auflagen sind streng limitiert. Jede unserer Editionen sch\u00fctzt ein Kulturgut und erm\u00f6glicht dessen Studium, welches unseren Kunden einen tiefen Einblick in die Geschichte der abendl\u00e4ndischen Kultur bietet. Bewahrung und Erschlie\u00dfung Kulturg\u00fctern ist uns ein besonderes Anliegen, damit auch die Nachwelt die Sch\u00f6nheit der Kunst erfahren darf.<\/p>\n<\/div><\/section>\n\n<\/div><\/div><\/div><!-- close content main div --><\/div><\/div><div id='kontakt'  class='avia-section main_color avia-section-large avia-no-border-styling  avia-bg-style-scroll  avia-builder-el-28  el_after_av_section  avia-builder-el-last   container_wrap fullsize' style='background-color: #f8f8f8;  '  ><div class='container' ><div class='template-page content  av-content-full alpha units'><div class='post-entry post-entry-type-page post-entry-206'><div class='entry-content-wrapper clearfix'>\n<div  style='padding-bottom:40px; font-size:41px;' class='av-special-heading av-special-heading-h3  blockquote modern-quote  avia-builder-el-29  el_before_av_one_half  avia-builder-el-first  av-inherit-size '><h3 class='av-special-heading-tag '  itemprop=\"headline\"  >Kontakt<\/h3><div class='special-heading-border'><div class='special-heading-inner-border' ><\/div><\/div><\/div>\n<div class=\"flex_column av_one_half  av-animated-generic right-to-left  flex_column_div av-zero-column-padding first  avia-builder-el-30  el_after_av_heading  el_before_av_one_fourth  \" style='border-radius:0px; '><form action=\"https:\/\/lk-manufaktur.de\/\" method=\"post\"  class=\"avia_ajax_form av-form-labels-hidden   avia-builder-el-31  avia-builder-el-no-sibling  av-custom-form-color av-dark-form \" data-avia-form-id=\"1\" data-avia-redirect='' ><fieldset><p class='  first_form  form_element form_fullwidth' id='element_avia_1_1'><label for=\"avia_1_1\">Name <abbr class=\"required\" title=\"ben\u00f6tigt\">*<\/abbr><\/label> <input name=\"avia_1_1\" class=\"text_input is_empty\" type=\"text\" id=\"avia_1_1\" value=\"\"  placeholder='Name*'\/><\/p><p class='  first_form  form_element form_fullwidth' id='element_avia_2_1'><label for=\"avia_2_1\">E-Mail <abbr class=\"required\" title=\"ben\u00f6tigt\">*<\/abbr><\/label> <input name=\"avia_2_1\" class=\"text_input is_email\" type=\"text\" id=\"avia_2_1\" value=\"\"  placeholder='E-Mail*'\/><\/p><p class='  first_form  form_element form_fullwidth av-last-visible-form-element' id='element_avia_3_1'><label for=\"avia_3_1\" class=\"textare_label hidden textare_label_avia_3_1\">Nachricht <abbr class=\"required\" title=\"ben\u00f6tigt\">*<\/abbr><\/label><textarea  placeholder='Nachricht*' name=\"avia_3_1\" class=\"text_area is_empty\" cols=\"40\" rows=\"7\" id=\"avia_3_1\" ><\/textarea><\/p><p class=\"hidden\"><input type=\"text\" name=\"avia_4_1\" class=\"hidden \" id=\"avia_4_1\" value=\"\" \/><\/p><p class=\"form_element \"><input type=\"hidden\" value=\"1\" name=\"avia_generated_form1\" \/><input type=\"submit\" value=\"Senden\" class=\"button\"  data-sending-label=\"Sende\"\/><\/p><\/fieldset><\/form><div id=\"ajaxresponse_1\" class=\"ajaxresponse ajaxresponse_1 hidden\"><\/div><\/div><div class=\"flex_column av_one_fourth  av-animated-generic right-to-left  flex_column_div av-zero-column-padding   avia-builder-el-32  el_after_av_one_half  el_before_av_one_fourth  \" style='border-radius:0px; '><section class=\"av_textblock_section \"  itemscope=\"itemscope\" itemtype=\"https:\/\/schema.org\/CreativeWork\" ><div class='avia_textblock  '   itemprop=\"text\" ><h2>Addresse<\/h2>\n<p>LKM Literatur und Kunst Manufaktur<br \/>\nWaldstra\u00dfe 4<br \/>\n45525 Hattingen<\/p>\n<p>Telefon: +49 (231) 586 95 36 0<br \/>\nTelefax: +49 (231) 586 95 36 9<\/p>\n<h2><\/h2>\n<\/div><\/section><\/div><div class=\"flex_column av_one_fourth  av-animated-generic right-to-left  flex_column_div av-zero-column-padding   avia-builder-el-34  el_after_av_one_fourth  avia-builder-el-last  \" style='border-radius:0px; '><section class=\"av_textblock_section \"  itemscope=\"itemscope\" itemtype=\"https:\/\/schema.org\/CreativeWork\" ><div class='avia_textblock  '   itemprop=\"text\" ><h2>\u00d6ffnungszeiten<\/h2>\n<p>Mo-Fr: 8:00-18:00 Uhr<\/p>\n<\/div><\/section><\/div>\n","protected":false},"excerpt":{"rendered":"","protected":false},"author":1,"featured_media":0,"parent":0,"menu_order":0,"comment_status":"open","ping_status":"closed","template":"","meta":{"footnotes":""},"class_list":["post-206","page","type-page","status-publish","hentry"],"_links":{"self":[{"href":"https:\/\/lk-manufaktur.de\/index.php?rest_route=\/wp\/v2\/pages\/206","targetHints":{"allow":["GET"]}}],"collection":[{"href":"https:\/\/lk-manufaktur.de\/index.php?rest_route=\/wp\/v2\/pages"}],"about":[{"href":"https:\/\/lk-manufaktur.de\/index.php?rest_route=\/wp\/v2\/types\/page"}],"author":[{"embeddable":true,"href":"https:\/\/lk-manufaktur.de\/index.php?rest_route=\/wp\/v2\/users\/1"}],"replies":[{"embeddable":true,"href":"https:\/\/lk-manufaktur.de\/index.php?rest_route=%2Fwp%2Fv2%2Fcomments&post=206"}],"version-history":[{"count":36,"href":"https:\/\/lk-manufaktur.de\/index.php?rest_route=\/wp\/v2\/pages\/206\/revisions"}],"predecessor-version":[{"id":523,"href":"https:\/\/lk-manufaktur.de\/index.php?rest_route=\/wp\/v2\/pages\/206\/revisions\/523"}],"wp:attachment":[{"href":"https:\/\/lk-manufaktur.de\/index.php?rest_route=%2Fwp%2Fv2%2Fmedia&parent=206"}],"curies":[{"name":"wp","href":"https:\/\/api.w.org\/{rel}","templated":true}]}}